{"id":363,"date":"2024-11-05T15:04:03","date_gmt":"2024-11-05T15:04:03","guid":{"rendered":"https:\/\/www.nastrojarnapraha.cz\/?page_id=363"},"modified":"2024-11-08T12:09:54","modified_gmt":"2024-11-08T12:09:54","slug":"lisovani-a-ohybani","status":"publish","type":"page","link":"https:\/\/www.nastrojarnapraha.cz\/?page_id=363","title":{"rendered":"Lisov\u00e1n\u00ed a oh\u00fdb\u00e1n\u00ed"},"content":{"rendered":"\n<div style=\"height:67px\" aria-hidden=\"true\" class=\"wp-block-spacer\"><\/div>\n\n\n\n<div class=\"wp-block-greenshift-blocks-container alignwide gspb_container gspb_container-gsbp-00a4585\" id=\"gspb_container-id-gsbp-00a4585\">\n<div class=\"wp-block-greenshift-blocks-container gspb_container gspb_container-gsbp-da9abd8\" id=\"gspb_container-id-gsbp-da9abd8\">\n<h1 class=\"wp-block-heading alignwide has-ast-global-color-0-color has-text-color has-link-color wp-elements-5ab3791772d2003dda85aabf37420caa\" id=\"lisovani-a-ohybani\" data-aos=\"fade\" data-aos-once=\"true\">Lisov\u00e1n\u00ed a oh\u00fdb\u00e1n\u00ed<\/h1>\n\n\n\n<div data-aos-once=\"true\" data-aos=\"fade\" id=\"gspb_text-id-gsbp-57b715b\" class=\"gspb_text gspb_text-id-gsbp-57b715b \">Nab\u00edz\u00edme profesion\u00e1ln\u00ed lisov\u00e1n\u00ed a oh\u00fdb\u00e1n\u00ed kovov\u00fdch d\u00edl\u016f na m\u00edru s d\u016frazem na preciznost a kvalitu.<\/div>\n\n\n\n<div class=\"wp-block-greenshift-blocks-video alignwide gs-video video gspb_video-id-gsbp-2994d9f\" id=\"gs-video-gsbp-2994d9f\" data-aos=\"fade\" data-aos-once=\"true\"><div class=\"gs-video-wrapper\" itemscope><div class=\"gs-video-element\" data-src=\"https:\/\/www.nastrojarnapraha.cz\/wp-content\/uploads\/2024\/11\/1105.mp4\" data-autoplay=\"true\" autoplay data-playsinline=\"true\" playsinline data-controls=\"false\" data-loop=\"true\" loop data-mute=\"true\" muted data-poster=\"\" data-provider=\"video\" data-overlay=\"false\" data-lightbox=\"false\" src=\"https:\/\/www.nastrojarnapraha.cz\/wp-content\/uploads\/2024\/11\/1105.mp4\"><\/div><\/div><\/div>\n<\/div>\n<\/div>\n\n\n\n<section class=\"wp-block-greenshift-blocks-row alignfull gspb_row gspb_row-id-gsbp-3f6063b\" id=\"gspb_row-id-gsbp-3f6063b\"><div class=\"gspb_row__content\"> \n<div class=\"wp-block-greenshift-blocks-row-column gspb_row__col--12 gspb_col-id-gsbp-b29c69d\" id=\"gspb_col-id-gsbp-b29c69d\">\n<div style=\"height:65px\" aria-hidden=\"true\" class=\"wp-block-spacer\"><\/div>\n\n\n\n<div class=\"wp-block-greenshift-blocks-container gspb_container gspb_container-gsbp-13219f6\" id=\"gspb_container-id-gsbp-13219f6\">\n<div class=\"wp-block-greenshift-blocks-container gspb_container gspb_container-gsbp-740866b\" data-aos=\"slide-right\" id=\"gspb_container-id-gsbp-740866b\">\n<div style=\"height:77px\" aria-hidden=\"true\" class=\"wp-block-spacer\"><\/div>\n\n\n\n<div class=\"wp-block-greenshift-blocks-iconbox gspb_iconBox gspb_iconBox-id-gsbp-8cdcef8\" id=\"gspb_iconBox-id-gsbp-8cdcef8\"><div class=\"gspb_iconBox__wrapper\" style=\"display:inline-flex\"><svg class=\"\" style=\"display:inline-block;vertical-align:middle\" width=\"72\" height=\"72\" viewBox=\"0 0 1024 1024\" xmlns=\"http:\/\/www.w3.org\/2000\/svg\"><path style=\"fill:#565D66\" d=\"M1014.96 234.36c-6-24.34-24.82-43.58-49-50.3-24.2-6.68-50.32 0.22-67.94 17.94l-117.32 117.26-64.88-10.8-10.76-64.82 117.34-117.28c17.68-17.78 24.56-43.84 17.82-67.98-6.76-24.22-26.12-43-50.58-49.060-106.18-26.38-215.82 4.14-293.080 81.38-75.26 75.24-105.2 182.74-81.44 286.54l-367.040 366.88c-31.020 30.94-48.080 72.12-48.080 115.92s17.060 84.98 48.080 115.94c30.94 30.96 72.12 48.020 115.94 48.020 43.76 0 84.94-17.060 115.96-48.020l366.68-366.52c103.58 23.74 211.28-6.28 286.98-81.86 76.18-76.2 107.38-188.54 81.32-293.24zM865.74 459.74c-56.94 56.92-140.4 76.2-218.020 50.42l-28.12-9.38-407.5 407.34c-25.7 25.68-70.58 25.62-96.14 0-12.88-12.84-19.94-29.92-19.94-48.080s7.060-35.22 19.94-48.060l407.68-407.56-9.26-28.060c-25.62-77.8-6.44-161.24 50.080-217.8 40.7-40.64 94.38-62.48 150.080-62.48h2.24l-114.64 114.6 30.26 181.18 181.14 30.18 114.7-114.58c0.64 56.52-21.24 111.040-62.5 152.28zM176.020 816.040c-17.68 0-32 14.32-32 32s14.32 32 32 32 32-14.32 32-32-14.32-32-32-32z\"><\/path><\/svg><\/div><\/div>\n\n\n\n<div id=\"gspb_text-id-gsbp-cf7ae4e\" class=\"gspb_text gspb_text-id-gsbp-cf7ae4e \">Nab\u00edz\u00edme lisovac\u00ed slu\u017eby na \u0161pi\u010dkov\u00fdch stroj\u00edch pro v\u00fdrobu p\u0159esn\u00fdch kovov\u00fdch d\u00edl\u016f, zaji\u0161\u0165uj\u00edc\u00ed vysokou kvalitu a spolehlivost p\u0159i ka\u017ed\u00e9 zak\u00e1zce<\/div>\n<\/div>\n\n\n\n<div class=\"wp-block-greenshift-blocks-container gspb_container gspb_container-gsbp-bdea0aa\" id=\"gspb_container-id-gsbp-bdea0aa\">\n<div class=\"wp-block-greenshift-blocks-image gspb_image gspb_image-id-gsbp-a9a2e1a gs_scale_on_hover\" data-aos=\"slide-left\" id=\"gspb_image-id-gsbp-a9a2e1a\"><img decoding=\"async\" src=\"https:\/\/www.nastrojarnapraha.cz\/wp-content\/uploads\/2024\/11\/IMG_7063-1-2.jpg\" data-src=\"\" alt=\"\" loading=\"lazy\" width=\"590\"\/><\/div>\n<style>.gs_scale_on_hover{transform:scale(1);transition:var(--gs-root-hover-transition, all var(--gs-root-hover-timing, .5s) var(--gs-root-hover-easing, cubic-bezier(0.42, 0, 0.58, 1)));}.gspb-bodyfront .gs_scale_on_hover:hover, .gspb-bodyfront .gs-parent-hover:hover .gs_scale_on_hover{transform:var(--gs-root-hover-transform, scale(1.06));}<\/style><\/div>\n<\/div>\n<\/div>\n <\/div><\/section>\n\n\n\n<div class=\"wp-block-greenshift-blocks-container gspb_container gspb_container-gsbp-08931a9\" id=\"gspb_container-id-gsbp-08931a9\"><\/div>\n\n\n\n<section class=\"wp-block-greenshift-blocks-row alignfull gspb_row gspb_row-id-gsbp-8819c74\" id=\"gspb_row-id-gsbp-8819c74\"><div class=\"gspb_row__content\"> \n<div class=\"wp-block-greenshift-blocks-row-column gspb_row__col--12 gspb_col-id-gsbp-3a25c48\" id=\"gspb_col-id-gsbp-3a25c48\">\n<div style=\"height:37px\" aria-hidden=\"true\" class=\"wp-block-spacer\"><\/div>\n\n\n\n<h2 class=\"wp-block-heading has-ast-global-color-0-color has-text-color has-link-color wp-elements-9cb557d1a2aecdb878193cf1e69061e7\" id=\"ziskejte-cenovou-nabidku\" data-aos=\"fade\">Z\u00edskejte cenovou nab\u00eddku<\/h2>\n\n\n<style data-aos=\"fade\" id=\"wpforms-css-vars-root\">\n\t\t\t\t:root {\n\t\t\t\t\t--wpforms-field-border-radius: 3px;\n--wpforms-field-border-style: solid;\n--wpforms-field-border-size: 1px;\n--wpforms-field-background-color: #ffffff;\n--wpforms-field-border-color: rgba( 0, 0, 0, 0.25 );\n--wpforms-field-border-color-spare: rgba( 0, 0, 0, 0.25 );\n--wpforms-field-text-color: rgba( 0, 0, 0, 0.7 );\n--wpforms-field-menu-color: #ffffff;\n--wpforms-label-color: rgba( 0, 0, 0, 0.85 );\n--wpforms-label-sublabel-color: rgba( 0, 0, 0, 0.55 );\n--wpforms-label-error-color: #d63637;\n--wpforms-button-border-radius: 3px;\n--wpforms-button-border-style: none;\n--wpforms-button-border-size: 1px;\n--wpforms-button-background-color: #066aab;\n--wpforms-button-border-color: #066aab;\n--wpforms-button-text-color: #ffffff;\n--wpforms-page-break-color: #066aab;\n--wpforms-background-image: none;\n--wpforms-background-position: center center;\n--wpforms-background-repeat: no-repeat;\n--wpforms-background-size: cover;\n--wpforms-background-width: 100px;\n--wpforms-background-height: 100px;\n--wpforms-background-color: rgba( 0, 0, 0, 0 );\n--wpforms-background-url: none;\n--wpforms-container-padding: 0px;\n--wpforms-container-border-style: none;\n--wpforms-container-border-width: 1px;\n--wpforms-container-border-color: #000000;\n--wpforms-container-border-radius: 3px;\n--wpforms-field-size-input-height: 43px;\n--wpforms-field-size-input-spacing: 15px;\n--wpforms-field-size-font-size: 16px;\n--wpforms-field-size-line-height: 19px;\n--wpforms-field-size-padding-h: 14px;\n--wpforms-field-size-checkbox-size: 16px;\n--wpforms-field-size-sublabel-spacing: 5px;\n--wpforms-field-size-icon-size: 1;\n--wpforms-label-size-font-size: 16px;\n--wpforms-label-size-line-height: 19px;\n--wpforms-label-size-sublabel-font-size: 14px;\n--wpforms-label-size-sublabel-line-height: 17px;\n--wpforms-button-size-font-size: 17px;\n--wpforms-button-size-height: 41px;\n--wpforms-button-size-padding-h: 15px;\n--wpforms-button-size-margin-top: 10px;\n--wpforms-container-shadow-size-box-shadow: none;\n\n\t\t\t\t}\n\t\t\t<\/style><div class=\"wpforms-container wpforms-container-full wpforms-block wpforms-block-4cb50886-dbba-45df-9026-f5f4654b2fad wpforms-render-modern\" id=\"wpforms-295\"><form id=\"wpforms-form-295\" class=\"wpforms-validate wpforms-form wpforms-ajax-form\" data-formid=\"295\" method=\"post\" enctype=\"multipart\/form-data\" action=\"\/index.php?rest_route=%2Fwp%2Fv2%2Fpages%2F363\" data-token=\"33d2f2f111f7962e312235411445fc0e\" data-token-time=\"1775705445\"><noscript class=\"wpforms-error-noscript\">Chcete-li vyplnit tento formul\u00e1\u0159, pros\u00edm povolte v prohl\u00ed\u017ee\u010di JavaScript.<\/noscript><div class=\"wpforms-hidden\" id=\"wpforms-error-noscript\">Chcete-li vyplnit tento formul\u00e1\u0159, pros\u00edm povolte v prohl\u00ed\u017ee\u010di JavaScript.<\/div><div class=\"wpforms-field-container\"><div id=\"wpforms-295-field_1-container\" class=\"wpforms-field wpforms-field-name\" data-field-id=\"1\"><fieldset><legend class=\"wpforms-field-label\">Jm\u00e9no <span class=\"wpforms-required-label\" aria-hidden=\"true\">*<\/span><\/legend><div class=\"wpforms-field-row wpforms-field-medium\"><div class=\"wpforms-field-row-block wpforms-first wpforms-one-half\"><input type=\"text\" id=\"wpforms-295-field_1\" class=\"wpforms-field-name-first wpforms-field-required\" name=\"wpforms[fields][1][first]\" aria-errormessage=\"wpforms-295-field_1-error\" required><label for=\"wpforms-295-field_1\" class=\"wpforms-field-sublabel after\">K\u0159estn\u00ed jm\u00e9no<\/label><\/div><div class=\"wpforms-field-row-block wpforms-one-half\"><input type=\"text\" id=\"wpforms-295-field_1-last\" class=\"wpforms-field-name-last wpforms-field-required\" name=\"wpforms[fields][1][last]\" aria-errormessage=\"wpforms-295-field_1-last-error\" required><label for=\"wpforms-295-field_1-last\" class=\"wpforms-field-sublabel after\">P\u0159\u00edjmen\u00ed<\/label><\/div><\/div><\/fieldset><\/div><div id=\"wpforms-295-field_2-container\" class=\"wpforms-field wpforms-field-email\" data-field-id=\"2\"><label class=\"wpforms-field-label\" for=\"wpforms-295-field_2\">E-mail <span class=\"wpforms-required-label\" aria-hidden=\"true\">*<\/span><\/label><input type=\"email\" id=\"wpforms-295-field_2\" class=\"wpforms-field-medium wpforms-field-required\" name=\"wpforms[fields][2]\" spellcheck=\"false\" aria-errormessage=\"wpforms-295-field_2-error\" required><\/div><div id=\"wpforms-295-field_3-container\" class=\"wpforms-field wpforms-field-textarea\" data-field-id=\"3\"><label class=\"wpforms-field-label\" for=\"wpforms-295-field_3\">Koment\u00e1\u0159 nebo zpr\u00e1va<\/label><textarea id=\"wpforms-295-field_3\" class=\"wpforms-field-medium\" name=\"wpforms[fields][3]\" aria-errormessage=\"wpforms-295-field_3-error\" ><\/textarea><\/div><div id=\"wpforms-295-field_9-container\" class=\"wpforms-field wpforms-field-checkbox\" data-field-id=\"9\"><fieldset><legend class=\"wpforms-field-label\">Polo\u017eky ozna\u010den\u00e9 hv\u011bzdi\u010dkou &quot;*&quot; jsou povinn\u00e9. <span class=\"wpforms-required-label\" aria-hidden=\"true\">*<\/span><\/legend><ul id=\"wpforms-295-field_9\" class=\"wpforms-field-required\"><li class=\"choice-1 depth-1\"><input type=\"checkbox\" id=\"wpforms-295-field_9_1\" name=\"wpforms[fields][9][]\" value=\"Souhlas\u00edm s zpracov\u00e1n\u00edm osobn\u00edch \u00fadaj\u016f\" aria-errormessage=\"wpforms-295-field_9_1-error\" required ><label class=\"wpforms-field-label-inline\" for=\"wpforms-295-field_9_1\">Souhlas\u00edm s zpracov\u00e1n\u00edm osobn\u00edch \u00fadaj\u016f<\/label><\/li><\/ul><\/fieldset><\/div><\/div><!-- .wpforms-field-container --><div class=\"wpforms-submit-container\" ><input type=\"hidden\" name=\"wpforms[id]\" value=\"295\"><input type=\"hidden\" name=\"page_title\" value=\"\"><input type=\"hidden\" name=\"page_url\" value=\"https:\/\/www.nastrojarnapraha.cz\/index.php?rest_route=%2Fwp%2Fv2%2Fpages%2F363\"><button type=\"submit\" name=\"wpforms[submit]\" id=\"wpforms-submit-295\" class=\"wpforms-submit\" data-alt-text=\"Odes\u00edl\u00e1ni...\" data-submit-text=\"Odeslat\" aria-live=\"assertive\" value=\"wpforms-submit\">Odeslat<\/button><img decoding=\"async\" src=\"https:\/\/www.nastrojarnapraha.cz\/wp-content\/plugins\/wpforms-lite\/assets\/images\/submit-spin.svg\" class=\"wpforms-submit-spinner\" style=\"display: none;\" width=\"26\" height=\"26\" alt=\"Na\u010d\u00edt\u00e1n\u00ed\"><\/div><\/form><\/div>  <!-- .wpforms-container --><\/div>\n <\/div><\/section>\n\n\n\n<p><\/p>\n","protected":false},"excerpt":{"rendered":"","protected":false},"author":1,"featured_media":0,"parent":113,"menu_order":0,"comment_status":"closed","ping_status":"closed","template":"","meta":{"_gspb_post_css":".gspb_container-id-gsbp-00a4585,.gspb_container-id-gsbp-da9abd8{flex-direction:column;box-sizing:border-box}#gspb_container-id-gsbp-00a4585.gspb_container>p:last-of-type,#gspb_container-id-gsbp-08931a9.gspb_container>p:last-of-type,#gspb_container-id-gsbp-13219f6.gspb_container>p:last-of-type,#gspb_container-id-gsbp-740866b.gspb_container>p:last-of-type,#gspb_container-id-gsbp-bdea0aa.gspb_container>p:last-of-type,#gspb_container-id-gsbp-da9abd8.gspb_container>p:last-of-type{margin-bottom:0}#gspb_container-id-gsbp-00a4585.gspb_container{position:relative;display:grid;grid-template-columns:repeat(1,minmax(0,1fr));row-gap:20px;column-gap:20px}@media (max-width:575.98px){#gspb_container-id-gsbp-00a4585.gspb_container{grid-template-columns:repeat(1,minmax(0,1fr))}}#gspb_container-id-gsbp-00a4585.gspb_container{margin-bottom:66px}.gspb_text-id-gsbp-57b715b{font-size:25px;margin-bottom:18px!important}#gspb_container-id-gsbp-da9abd8.gspb_container,.gs-video{position:relative}.gs-video-wrapper{position:relative;height:inherit;max-width:100%}.gs-video-header{text-align:center}.gs-video-header .gs-video-header-title{font-size:24px;line-height:1.3;font-weight:700;margin:0 0 15px}.gs-video-header .gs-video-header-description{font-size:16px;line-height:1.5;margin:0 0 25px}.gs-video video{display:block}.gs-video .gs-video-element,.gs-video .gs-video-wrapper iframe{width:100%;height:100%;object-fit:cover;border:0}.gs-video .gs-video-wrapper iframe{aspect-ratio:16\/9;display:block}#gspb_row-id-gsbp-3f6063b,.gs-video-overlay{background-size:cover;background-repeat:no-repeat}.gs-video-overlay{position:absolute;left:0;top:0;width:100%;height:100%;z-index:3;background-color:rgba(0,0,0,.1);background-position:center;cursor:pointer}.gs-video-overlay .gs-overlay-color{position:absolute;left:0;top:0;width:100%;height:100%;z-index:2}.gs-video-overlay:hover .gs-play-icon{opacity:1}.gs-video-popup .slbContentOuter{width:100%;max-width:1000px}.gs-video-popup .slbContentOuter .slbContent iframe,.gs-video-popup .slbContentOuter .slbContent video{width:100%;height:100%;object-fit:cover}.gs-video-popup .slbContentOuter .slbContent iframe{aspect-ratio:16\/9}.gs-video-popup .slbCloseBtn{font-size:30px;width:40px;height:40px;line-height:40px;right:0;top:-50px}#gs-video-gsbp-2994d9f .gs-video-wrapper{height:656px}#gspb_row-id-gsbp-3f6063b{justify-content:space-between;margin-top:0;display:flex;flex-wrap:wrap;min-height:397px;margin-bottom:0;background-image:url(http:\/\/www.nastrojarnapraha.cz\/wp-content\/uploads\/2024\/10\/Navrh-bez-nazvu-scaled.jpg);background-image:linear-gradient(135deg,#000 0,#1f4477 35%,#1f4477 61%,#345588 72%,#4178c5 88%)}#gspb_row-id-gsbp-3f6063b>.gspb_row__content{display:flex;justify-content:space-between;margin:0 auto;width:100%;flex-wrap:wrap}div[id^=gspb_col-id]{box-sizing:border-box;position:relative;padding:15px min(3vw,20px)}body.gspb-bodyfront #gspb_row-id-gsbp-3f6063b>.gspb_row__content,body.gspb-bodyfront #gspb_row-id-gsbp-8819c74>.gspb_row__content{max-width:var(--wp--custom--ast-content-width-size, 1200px)}#gspb_row-id-gsbp-3f6063b:hover{background-size:cover}#gspb_col-id-gsbp-b29c69d.gspb_row__col--12{width:100%}@media (max-width:575.98px){#gspb_col-id-gsbp-b29c69d.gspb_row__col--12{width:100%}}.gspb_container-id-gsbp-13219f6,.gspb_container-id-gsbp-740866b{flex-direction:column;box-sizing:border-box}#gspb_container-id-gsbp-13219f6.gspb_container{position:relative;display:grid;grid-template-columns:repeat(2,minmax(0,1fr));row-gap:20px;column-gap:20px}@media (max-width:575.98px){#gspb_container-id-gsbp-13219f6.gspb_container{grid-template-columns:repeat(1,minmax(0,1fr))}}#gspb_container-id-gsbp-13219f6.gspb_container{margin-bottom:30px}#gspb_container-id-gsbp-740866b.gspb_container{position:relative}#gspb_iconBox-id-gsbp-8cdcef8 svg{width:72px;margin:0!important}#gspb_iconBox-id-gsbp-8cdcef8{justify-content:center;display:flex}#gspb_iconBox-id-gsbp-8cdcef8 .gspb_iconBox__wrapper:hover svg,#gspb_iconBox-id-gsbp-8cdcef8 .gspb_iconBox__wrapper:hover svg path,#gspb_iconBox-id-gsbp-8cdcef8 svg,#gspb_iconBox-id-gsbp-8cdcef8 svg path,#gspb_iconBox-id-gsbp-8cdcef8 svg:hover,#gspb_iconBox-id-gsbp-8cdcef8 svg:hover path{fill:var(--wp--preset--color--ast-global-color-0, var(--ast-global-color-0))!important}#gspb_iconBox-id-gsbp-8cdcef8 .gspb_iconBox__wrapper{background-color:#e2eefd;padding:20px;border-radius:50%;margin-top:26px;margin-bottom:24px}.gspb_text-id-gsbp-cf7ae4e{font-size:23px;color:var(--wp--preset--color--ast-global-color-5, var(--ast-global-color-5));margin-top:52px!important;margin-bottom:0!important;padding-right:50px!important;padding-left:50px!important}.gspb_text-id-gsbp-cf7ae4e,.gspb_text-id-gsbp-cf7ae4e .gsap-g-line{text-align:center!important}.gspb_container-id-gsbp-08931a9,.gspb_container-id-gsbp-bdea0aa{flex-direction:column;box-sizing:border-box}#gspb_container-id-gsbp-08931a9.gspb_container,#gspb_container-id-gsbp-bdea0aa.gspb_container,.gspb_row{position:relative}#gspb_image-id-gsbp-a9a2e1a img{object-fit:fill;vertical-align:top;display:inline-block;box-sizing:border-box;max-width:100%;border-top-left-radius:99px;border-top-right-radius:99px;border-bottom-right-radius:99px;border-bottom-left-radius:99px;width:590px;height:custom}#gspb_image-id-gsbp-a9a2e1a{height:custom}#gspb_container-id-gsbp-08931a9.gspb_container{display:grid;grid-template-columns:repeat(1,minmax(0,1fr));row-gap:20px;column-gap:20px}@media (max-width:575.98px){#gspb_container-id-gsbp-08931a9.gspb_container{grid-template-columns:repeat(1,minmax(0,1fr))}}#gspb_row-id-gsbp-8819c74{justify-content:space-between;margin-top:0;margin-bottom:0;display:flex;flex-wrap:wrap;background-color:var(--wp--preset--color--ast-global-color-6, var(--ast-global-color-6))}#gspb_row-id-gsbp-8819c74>.gspb_row__content{display:flex;justify-content:space-between;margin:0 auto;width:100%;flex-wrap:wrap}#gspb_col-id-gsbp-3a25c48.gspb_row__col--12{width:100%}@media (max-width:575.98px){#gspb_col-id-gsbp-3a25c48.gspb_row__col--12{width:100%}}","site-sidebar-layout":"default","site-content-layout":"","ast-site-content-layout":"","site-content-style":"default","site-sidebar-style":"default","ast-global-header-display":"","ast-banner-title-visibility":"","ast-main-header-display":"","ast-hfb-above-header-display":"","ast-hfb-below-header-display":"","ast-hfb-mobile-header-display":"","site-post-title":"disabled","ast-breadcrumbs-content":"","ast-featured-img":"","footer-sml-layout":"","theme-transparent-header-meta":"","adv-header-id-meta":"","stick-header-meta":"","header-above-stick-meta":"","header-main-stick-meta":"","header-below-stick-meta":"","astra-migrate-meta-layouts":"default","ast-page-background-enabled":"default","ast-page-background-meta":{"desktop":{"background-color":"var(--ast-global-color-4)","background-image":"","background-repeat":"repeat","background-position":"center center","background-size":"auto","background-attachment":"scroll","background-type":"","background-media":"","overlay-type":"","overlay-color":"","overlay-opacity":"","overlay-gradient":""},"tablet":{"background-color":"","background-image":"","background-repeat":"repeat","background-position":"center center","background-size":"auto","background-attachment":"scroll","background-type":"","background-media":"","overlay-type":"","overlay-color":"","overlay-opacity":"","overlay-gradient":""},"mobile":{"background-color":"","background-image":"","background-repeat":"repeat","background-position":"center center","background-size":"auto","background-attachment":"scroll","background-type":"","background-media":"","overlay-type":"","overlay-color":"","overlay-opacity":"","overlay-gradient":""}},"ast-content-background-meta":{"desktop":{"background-color":"var(--ast-global-color-5)","background-image":"","background-repeat":"repeat","background-position":"center center","background-size":"auto","background-attachment":"scroll","background-type":"","background-media":"","overlay-type":"","overlay-color":"","overlay-opacity":"","overlay-gradient":""},"tablet":{"background-color":"var(--ast-global-color-5)","background-image":"","background-repeat":"repeat","background-position":"center center","background-size":"auto","background-attachment":"scroll","background-type":"","background-media":"","overlay-type":"","overlay-color":"","overlay-opacity":"","overlay-gradient":""},"mobile":{"background-color":"var(--ast-global-color-5)","background-image":"","background-repeat":"repeat","background-position":"center center","background-size":"auto","background-attachment":"scroll","background-type":"","background-media":"","overlay-type":"","overlay-color":"","overlay-opacity":"","overlay-gradient":""}},"footnotes":""},"class_list":["post-363","page","type-page","status-publish","hentry"],"_links":{"self":[{"href":"https:\/\/www.nastrojarnapraha.cz\/index.php?rest_route=\/wp\/v2\/pages\/363","targetHints":{"allow":["GET"]}}],"collection":[{"href":"https:\/\/www.nastrojarnapraha.cz\/index.php?rest_route=\/wp\/v2\/pages"}],"about":[{"href":"https:\/\/www.nastrojarnapraha.cz\/index.php?rest_route=\/wp\/v2\/types\/page"}],"author":[{"embeddable":true,"href":"https:\/\/www.nastrojarnapraha.cz\/index.php?rest_route=\/wp\/v2\/users\/1"}],"replies":[{"embeddable":true,"href":"https:\/\/www.nastrojarnapraha.cz\/index.php?rest_route=%2Fwp%2Fv2%2Fcomments&post=363"}],"version-history":[{"count":13,"href":"https:\/\/www.nastrojarnapraha.cz\/index.php?rest_route=\/wp\/v2\/pages\/363\/revisions"}],"predecessor-version":[{"id":517,"href":"https:\/\/www.nastrojarnapraha.cz\/index.php?rest_route=\/wp\/v2\/pages\/363\/revisions\/517"}],"up":[{"embeddable":true,"href":"https:\/\/www.nastrojarnapraha.cz\/index.php?rest_route=\/wp\/v2\/pages\/113"}],"wp:attachment":[{"href":"https:\/\/www.nastrojarnapraha.cz\/index.php?rest_route=%2Fwp%2Fv2%2Fmedia&parent=363"}],"curies":[{"name":"wp","href":"https:\/\/api.w.org\/{rel}","templated":true}]}}