{"id":498,"date":"2024-11-07T18:24:53","date_gmt":"2024-11-07T18:24:53","guid":{"rendered":"https:\/\/www.nastrojarnapraha.cz\/?page_id=498"},"modified":"2024-11-08T12:11:30","modified_gmt":"2024-11-08T12:11:30","slug":"praskove-lakovani","status":"publish","type":"page","link":"https:\/\/www.nastrojarnapraha.cz\/?page_id=498","title":{"rendered":"Pr\u00e1\u0161kov\u00e9 lakov\u00e1n\u00ed"},"content":{"rendered":"\n<div style=\"height:67px\" aria-hidden=\"true\" class=\"wp-block-spacer\"><\/div>\n\n\n\n<div class=\"wp-block-greenshift-blocks-container alignwide gspb_container gspb_container-gsbp-00a4585\" id=\"gspb_container-id-gsbp-00a4585\">\n<div class=\"wp-block-greenshift-blocks-container gspb_container gspb_container-gsbp-da9abd8\" id=\"gspb_container-id-gsbp-da9abd8\">\n<h1 class=\"wp-block-heading alignwide has-text-align-left has-ast-global-color-0-color has-text-color has-link-color wp-elements-881a75a1f0af9bea002e397a5a9851f0\" id=\"praskove-lakovani\" data-aos=\"fade\" data-aos-once=\"true\"><strong>Pr\u00e1\u0161kov\u00e9 lakov\u00e1n\u00ed<\/strong><\/h1>\n\n\n\n<div data-aos-once=\"true\" data-aos=\"fade\" id=\"gspb_text-id-gsbp-57b715b\" class=\"gspb_text gspb_text-id-gsbp-57b715b \">Nab\u00edz\u00edme profesion\u00e1ln\u00ed pr\u00e1\u0161kov\u00e9 lakov\u00e1n\u00ed pro odolnou a esteticky dokonalou povrchovou \u00fapravu<\/div>\n<\/div>\n<\/div>\n\n\n\n<div class=\"wp-block-greenshift-blocks-container alignfull gspb_container gspb_container-gsbp-d797d28\" id=\"gspb_container-id-gsbp-d797d28\">\n<div class=\"wp-block-greenshift-blocks-container gspb_container gspb_container-gsbp-07c444a\" id=\"gspb_container-id-gsbp-07c444a\">\n<div class=\"gsbp-e17ee19\">\n<div class=\"gsbp-f432ea0\"><\/div>\n\n\n\n<img decoding=\"async\" class=\"gsbp-8e12555\" src=\"https:\/\/placehold.co\/400\" alt=\"\" loading=\"lazy\"\/>\n<\/div>\n<\/div>\n<\/div>\n\n\n\n<section class=\"wp-block-greenshift-blocks-row alignfull gspb_row gspb_row-id-gsbp-1041ec4\" id=\"gspb_row-id-gsbp-1041ec4\"><div class=\"gspb_shape-divider-container gspb_shape-divider-container--top\"><svg xmlns=\"https:\/\/www.w3.org\/2000\/svg\" xmlns-xlink=\"https:\/\/www.w3.org\/1999\/xlink\" version=\"1.1\" data-style=\"7\" x=\"0px\" y=\"0px\" viewBox=\"0 0 2200 300\" preserveAspectRatio=\"none\"><path data-style=\"7\" class=\"gspb_st0 gspb_shape_0\" d=\"M17.6,247.3c88.2-52.8,225.2-114.9,379.5-91.4C575.7,183,619.4,300.7,773.2,300  c176.7-0.8,192.8-156.6,397.1-203.8C1579.9,0,1735.9,494.9,2200,0H0v257.8\" fill=\"url(#sfirsttopgsbp-1041ec4)\" data-aos=\"fade-down\" data-duration=\"700\"><\/path><defs><linearGradient id=\"sfirsttopgsbp-1041ec4\" gradientTransform=\"rotate(161)\"><stop style=\"stop-color:#ffffff\" offset=\"0%\"><\/stop><stop style=\"stop-color:#ffffff\" offset=\"100%\"><\/stop><\/linearGradient><\/defs><\/svg><\/div><div class=\"gspb_row__content\"> \n<div class=\"wp-block-greenshift-blocks-row-column gspb_row__col--12 gspb_col-id-gsbp-b29c69d\" id=\"gspb_col-id-gsbp-b29c69d\">\n<div style=\"height:59px\" aria-hidden=\"true\" class=\"wp-block-spacer\"><\/div>\n\n\n\n<div class=\"wp-block-greenshift-blocks-container gspb_container gspb_container-gsbp-59e3400\" id=\"gspb_container-id-gsbp-59e3400\">\n<div class=\"wp-block-greenshift-blocks-container gspb_container gspb_container-gsbp-8e924c3\" data-aos=\"slide-right\" data-aos-once=\"true\" id=\"gspb_container-id-gsbp-8e924c3\">\n<div class=\"wp-block-greenshift-blocks-image gspb_image gspb_image-id-gsbp-ceb9bca gs_scale_on_hover\" data-aos=\"zoom-in-right\" data-aos-once=\"true\" id=\"gspb_image-id-gsbp-ceb9bca\"><img decoding=\"async\" src=\"http:\/\/www.nastrojarnapraha.cz\/wp-content\/uploads\/2024\/11\/Praskove-e1731003603715.jpg\" data-src=\"\" alt=\"\" loading=\"lazy\" width=\"590\"\/><\/div>\n<style>.gs_scale_on_hover{transform:scale(1);transition:var(--gs-root-hover-transition, all var(--gs-root-hover-timing, .5s) var(--gs-root-hover-easing, cubic-bezier(0.42, 0, 0.58, 1)));}.gspb-bodyfront .gs_scale_on_hover:hover, .gspb-bodyfront .gs-parent-hover:hover .gs_scale_on_hover{transform:var(--gs-root-hover-transform, scale(1.06));}<\/style><\/div>\n\n\n\n<div class=\"wp-block-greenshift-blocks-container gspb_container gspb_container-gsbp-0422df3\" data-aos=\"zoom-in-left\" data-aos-delay=\"150\" data-aos-duration=\"500\" data-aos-once=\"true\" id=\"gspb_container-id-gsbp-0422df3\">\n<div style=\"height:100px\" aria-hidden=\"true\" class=\"wp-block-spacer\"><\/div>\n\n\n\n<div class=\"wp-block-greenshift-blocks-iconbox gspb_iconBox gspb_iconBox-id-gsbp-25586ca\" id=\"gspb_iconBox-id-gsbp-25586ca\"><div class=\"gspb_iconBox__wrapper\" style=\"display:inline-flex\"><svg class=\"\" style=\"display:inline-block;vertical-align:middle\" width=\"72\" height=\"72\" viewBox=\"0 0 1024 1024\" xmlns=\"http:\/\/www.w3.org\/2000\/svg\"><path style=\"fill:#565D66\" d=\"M1008 512c0 273.934-222.066 496-496 496s-496-222.066-496-496 222.066-496 496-496 496 222.066 496 496zM454.628 774.628l368-368c12.496-12.496 12.496-32.758 0-45.254l-45.254-45.254c-12.496-12.498-32.758-12.498-45.256 0l-300.118 300.116-140.118-140.118c-12.496-12.496-32.758-12.496-45.256 0l-45.254 45.254c-12.496 12.496-12.496 32.758 0 45.254l208 208c12.498 12.498 32.758 12.498 45.256 0.002z\"><\/path><\/svg><\/div><\/div>\n\n\n\n<div id=\"gspb_text-id-gsbp-21297b6\" class=\"gspb_text gspb_text-id-gsbp-21297b6 \">Na\u0161e pr\u00e1\u0161kov\u00e9 lakov\u00e1n\u00ed zaji\u0161\u0165uje dlouho trvaj\u00edc\u00ed ochranu a perfektn\u00ed vzhled povrch\u016f pro vnit\u0159n\u00ed i venkovn\u00ed pou\u017eit\u00ed<\/div>\n<\/div>\n<\/div>\n\n\n\n<div style=\"height:46px\" aria-hidden=\"true\" class=\"wp-block-spacer\"><\/div>\n<\/div>\n <\/div><div class=\"gspb_shape-divider-container gspb_shape-divider-container--bottom\"><svg data-style=\"21\" x=\"0px\" y=\"0px\" viewBox=\"0 0 1200 116\" preserveAspectRatio=\"none\" fill=\"#18293d\"><path class=\"gspb_st2 gspb_shape_2\" data-style=\"21\" d=\"M0,50 C200,16.6666667 400,7.10542736e-15 600,7.10542736e-15 C800,7.10542736e-15 1000,16.6666667 1200,50 L1200,116 L0,116 L0,50 Z\" data-aos=\"fade-up\" data-duration=\"700\" data-aos-delay=\"600\"><\/path><path class=\"gspb_st1 gspb_shape_1\" data-style=\"21\" d=\"M0,80 C200,46.6666667 400,30 600,30 C800,30 1000,46.6666667 1200,80 L1200,116 L0,116 L0,80 Z\" data-aos=\"fade-up\" data-aos-delay=\"300\" data-duration=\"700\"><\/path><path class=\"gspb_st0 gspb_shape_0\" data-style=\"21\" d=\"M0,110 C200,76.6666667 400,60 600,60 C800,60 1000,76.6666667 1200,110 L1200,116 L0,116 L0,110 Z\" data-aos=\"fade-up\" data-aos-delay=\"100\" data-duration=\"700\"><\/path><defs><linearGradient><stop><\/stop><stop><\/stop><\/linearGradient><linearGradient><stop><\/stop><stop><\/stop><\/linearGradient><linearGradient><stop><\/stop><stop><\/stop><\/linearGradient><\/defs><\/svg><\/div><\/section>\n\n\n\n<div class=\"wp-block-greenshift-blocks-container gspb_container gspb_container-gsbp-08931a9\" id=\"gspb_container-id-gsbp-08931a9\"><\/div>\n\n\n\n<section class=\"wp-block-greenshift-blocks-row alignfull gspb_row gspb_row-id-gsbp-8819c74\" id=\"gspb_row-id-gsbp-8819c74\"><div class=\"gspb_row__content\"> \n<div class=\"wp-block-greenshift-blocks-row-column gspb_row__col--12 gspb_col-id-gsbp-3a25c48\" id=\"gspb_col-id-gsbp-3a25c48\">\n<div style=\"height:37px\" aria-hidden=\"true\" class=\"wp-block-spacer\"><\/div>\n\n\n\n<h2 class=\"wp-block-heading has-ast-global-color-0-color has-text-color has-link-color wp-elements-9cb557d1a2aecdb878193cf1e69061e7\" id=\"ziskejte-cenovou-nabidku\" data-aos=\"fade\">Z\u00edskejte cenovou nab\u00eddku<\/h2>\n\n\n<style data-aos=\"fade\" id=\"wpforms-css-vars-root\">\n\t\t\t\t:root {\n\t\t\t\t\t--wpforms-field-border-radius: 3px;\n--wpforms-field-border-style: solid;\n--wpforms-field-border-size: 1px;\n--wpforms-field-background-color: #ffffff;\n--wpforms-field-border-color: rgba( 0, 0, 0, 0.25 );\n--wpforms-field-border-color-spare: rgba( 0, 0, 0, 0.25 );\n--wpforms-field-text-color: rgba( 0, 0, 0, 0.7 );\n--wpforms-field-menu-color: #ffffff;\n--wpforms-label-color: rgba( 0, 0, 0, 0.85 );\n--wpforms-label-sublabel-color: rgba( 0, 0, 0, 0.55 );\n--wpforms-label-error-color: #d63637;\n--wpforms-button-border-radius: 3px;\n--wpforms-button-border-style: none;\n--wpforms-button-border-size: 1px;\n--wpforms-button-background-color: #066aab;\n--wpforms-button-border-color: #066aab;\n--wpforms-button-text-color: #ffffff;\n--wpforms-page-break-color: #066aab;\n--wpforms-background-image: none;\n--wpforms-background-position: center center;\n--wpforms-background-repeat: no-repeat;\n--wpforms-background-size: cover;\n--wpforms-background-width: 100px;\n--wpforms-background-height: 100px;\n--wpforms-background-color: rgba( 0, 0, 0, 0 );\n--wpforms-background-url: none;\n--wpforms-container-padding: 0px;\n--wpforms-container-border-style: none;\n--wpforms-container-border-width: 1px;\n--wpforms-container-border-color: #000000;\n--wpforms-container-border-radius: 3px;\n--wpforms-field-size-input-height: 43px;\n--wpforms-field-size-input-spacing: 15px;\n--wpforms-field-size-font-size: 16px;\n--wpforms-field-size-line-height: 19px;\n--wpforms-field-size-padding-h: 14px;\n--wpforms-field-size-checkbox-size: 16px;\n--wpforms-field-size-sublabel-spacing: 5px;\n--wpforms-field-size-icon-size: 1;\n--wpforms-label-size-font-size: 16px;\n--wpforms-label-size-line-height: 19px;\n--wpforms-label-size-sublabel-font-size: 14px;\n--wpforms-label-size-sublabel-line-height: 17px;\n--wpforms-button-size-font-size: 17px;\n--wpforms-button-size-height: 41px;\n--wpforms-button-size-padding-h: 15px;\n--wpforms-button-size-margin-top: 10px;\n--wpforms-container-shadow-size-box-shadow: none;\n\n\t\t\t\t}\n\t\t\t<\/style><div class=\"wpforms-container wpforms-container-full wpforms-block wpforms-block-4cb50886-dbba-45df-9026-f5f4654b2fad wpforms-render-modern\" id=\"wpforms-295\"><form id=\"wpforms-form-295\" class=\"wpforms-validate wpforms-form wpforms-ajax-form\" data-formid=\"295\" method=\"post\" enctype=\"multipart\/form-data\" action=\"\/index.php?rest_route=%2Fwp%2Fv2%2Fpages%2F498\" data-token=\"33d2f2f111f7962e312235411445fc0e\" data-token-time=\"1775710794\"><noscript class=\"wpforms-error-noscript\">Chcete-li vyplnit tento formul\u00e1\u0159, pros\u00edm povolte v prohl\u00ed\u017ee\u010di JavaScript.<\/noscript><div class=\"wpforms-hidden\" id=\"wpforms-error-noscript\">Chcete-li vyplnit tento formul\u00e1\u0159, pros\u00edm povolte v prohl\u00ed\u017ee\u010di JavaScript.<\/div><div class=\"wpforms-field-container\"><div id=\"wpforms-295-field_1-container\" class=\"wpforms-field wpforms-field-name\" data-field-id=\"1\"><fieldset><legend class=\"wpforms-field-label\">Jm\u00e9no <span class=\"wpforms-required-label\" aria-hidden=\"true\">*<\/span><\/legend><div class=\"wpforms-field-row wpforms-field-medium\"><div class=\"wpforms-field-row-block wpforms-first wpforms-one-half\"><input type=\"text\" id=\"wpforms-295-field_1\" class=\"wpforms-field-name-first wpforms-field-required\" name=\"wpforms[fields][1][first]\" aria-errormessage=\"wpforms-295-field_1-error\" required><label for=\"wpforms-295-field_1\" class=\"wpforms-field-sublabel after\">K\u0159estn\u00ed jm\u00e9no<\/label><\/div><div class=\"wpforms-field-row-block wpforms-one-half\"><input type=\"text\" id=\"wpforms-295-field_1-last\" class=\"wpforms-field-name-last wpforms-field-required\" name=\"wpforms[fields][1][last]\" aria-errormessage=\"wpforms-295-field_1-last-error\" required><label for=\"wpforms-295-field_1-last\" class=\"wpforms-field-sublabel after\">P\u0159\u00edjmen\u00ed<\/label><\/div><\/div><\/fieldset><\/div><div id=\"wpforms-295-field_2-container\" class=\"wpforms-field wpforms-field-email\" data-field-id=\"2\"><label class=\"wpforms-field-label\" for=\"wpforms-295-field_2\">E-mail <span class=\"wpforms-required-label\" aria-hidden=\"true\">*<\/span><\/label><input type=\"email\" id=\"wpforms-295-field_2\" class=\"wpforms-field-medium wpforms-field-required\" name=\"wpforms[fields][2]\" spellcheck=\"false\" aria-errormessage=\"wpforms-295-field_2-error\" required><\/div><div id=\"wpforms-295-field_3-container\" class=\"wpforms-field wpforms-field-textarea\" data-field-id=\"3\"><label class=\"wpforms-field-label\" for=\"wpforms-295-field_3\">Koment\u00e1\u0159 nebo zpr\u00e1va<\/label><textarea id=\"wpforms-295-field_3\" class=\"wpforms-field-medium\" name=\"wpforms[fields][3]\" aria-errormessage=\"wpforms-295-field_3-error\" ><\/textarea><\/div><div id=\"wpforms-295-field_9-container\" class=\"wpforms-field wpforms-field-checkbox\" data-field-id=\"9\"><fieldset><legend class=\"wpforms-field-label\">Polo\u017eky ozna\u010den\u00e9 hv\u011bzdi\u010dkou &quot;*&quot; jsou povinn\u00e9. <span class=\"wpforms-required-label\" aria-hidden=\"true\">*<\/span><\/legend><ul id=\"wpforms-295-field_9\" class=\"wpforms-field-required\"><li class=\"choice-1 depth-1\"><input type=\"checkbox\" id=\"wpforms-295-field_9_1\" name=\"wpforms[fields][9][]\" value=\"Souhlas\u00edm s zpracov\u00e1n\u00edm osobn\u00edch \u00fadaj\u016f\" aria-errormessage=\"wpforms-295-field_9_1-error\" required ><label class=\"wpforms-field-label-inline\" for=\"wpforms-295-field_9_1\">Souhlas\u00edm s zpracov\u00e1n\u00edm osobn\u00edch \u00fadaj\u016f<\/label><\/li><\/ul><\/fieldset><\/div><\/div><!-- .wpforms-field-container --><div class=\"wpforms-submit-container\" ><input type=\"hidden\" name=\"wpforms[id]\" value=\"295\"><input type=\"hidden\" name=\"page_title\" value=\"\"><input type=\"hidden\" name=\"page_url\" value=\"https:\/\/www.nastrojarnapraha.cz\/index.php?rest_route=%2Fwp%2Fv2%2Fpages%2F498\"><button type=\"submit\" name=\"wpforms[submit]\" id=\"wpforms-submit-295\" class=\"wpforms-submit\" data-alt-text=\"Odes\u00edl\u00e1ni...\" data-submit-text=\"Odeslat\" aria-live=\"assertive\" value=\"wpforms-submit\">Odeslat<\/button><img decoding=\"async\" src=\"https:\/\/www.nastrojarnapraha.cz\/wp-content\/plugins\/wpforms-lite\/assets\/images\/submit-spin.svg\" class=\"wpforms-submit-spinner\" style=\"display: none;\" width=\"26\" height=\"26\" alt=\"Na\u010d\u00edt\u00e1n\u00ed\"><\/div><\/form><\/div>  <!-- .wpforms-container --><\/div>\n <\/div><\/section>\n\n\n\n<p><\/p>\n","protected":false},"excerpt":{"rendered":"","protected":false},"author":1,"featured_media":0,"parent":113,"menu_order":0,"comment_status":"closed","ping_status":"closed","template":"","meta":{"_gspb_post_css":".gspb_container-id-gsbp-00a4585,.gspb_container-id-gsbp-da9abd8{flex-direction:column;box-sizing:border-box}#gspb_container-id-gsbp-00a4585.gspb_container>p:last-of-type,#gspb_container-id-gsbp-0422df3.gspb_container>p:last-of-type,#gspb_container-id-gsbp-07c444a.gspb_container>p:last-of-type,#gspb_container-id-gsbp-08931a9.gspb_container>p:last-of-type,#gspb_container-id-gsbp-59e3400.gspb_container>p:last-of-type,#gspb_container-id-gsbp-8e924c3.gspb_container>p:last-of-type,#gspb_container-id-gsbp-d797d28.gspb_container>p:last-of-type,#gspb_container-id-gsbp-da9abd8.gspb_container>p:last-of-type{margin-bottom:0}#gspb_container-id-gsbp-00a4585.gspb_container{position:relative;display:grid;grid-template-columns:repeat(1,minmax(0,1fr));row-gap:20px;column-gap:20px}@media (max-width:575.98px){#gspb_container-id-gsbp-00a4585.gspb_container{grid-template-columns:repeat(1,minmax(0,1fr))}}#gspb_container-id-gsbp-00a4585.gspb_container{margin-bottom:0}#gspb_container-id-gsbp-d797d28.gspb_container,#gspb_container-id-gsbp-da9abd8.gspb_container{position:relative}.gspb_text-id-gsbp-57b715b{font-size:25px;margin-bottom:18px!important}.gspb_container-id-gsbp-07c444a,.gspb_container-id-gsbp-d797d28{flex-direction:column;box-sizing:border-box}#gspb_container-id-gsbp-d797d28.gspb_container{display:grid;grid-template-columns:repeat(1,minmax(0,1fr));row-gap:20px;column-gap:20px}@media (max-width:575.98px){#gspb_container-id-gsbp-d797d28.gspb_container{grid-template-columns:repeat(1,minmax(0,1fr))}}#gspb_container-id-gsbp-d797d28.gspb_container{margin-top:38px;margin-bottom:0}#gspb_container-id-gsbp-07c444a.gspb_container,.gsbp-e17ee19{position:relative}.gsbp-8e12555,.gsbp-f432ea0{position:absolute;top:0;left:0;bottom:0;right:0;width:100%;height:100%}.gsbp-f432ea0{z-index:1;background-color:#29334a82}.gsbp-8e12555{z-index:0;object-fit:cover}#gspb_col-id-gsbp-b29c69d.gspb_row__col--12{width:100%}@media (max-width:575.98px){#gspb_col-id-gsbp-b29c69d.gspb_row__col--12{width:100%}}.gspb_container-id-gsbp-0422df3,.gspb_container-id-gsbp-59e3400,.gspb_container-id-gsbp-8e924c3{flex-direction:column;box-sizing:border-box}#gspb_container-id-gsbp-59e3400.gspb_container{position:relative;display:grid;grid-template-columns:repeat(2,minmax(0,1fr));row-gap:20px;column-gap:20px}@media (max-width:575.98px){#gspb_container-id-gsbp-59e3400.gspb_container{grid-template-columns:repeat(1,minmax(0,1fr))}}#gspb_container-id-gsbp-59e3400.gspb_container{margin-bottom:0}#gspb_container-id-gsbp-0422df3.gspb_container,#gspb_container-id-gsbp-8e924c3.gspb_container{position:relative}#gspb_container-id-gsbp-0422df3.gspb_container,#gspb_image-id-gsbp-ceb9bca img{box-shadow:0 15px 25px 0 var(u002du002dwpu002du002dpresetu002du002dcoloru002du002dast-global-color-8, var(u002du002dast-global-color-8))}#gspb_image-id-gsbp-ceb9bca img{object-fit:fill;vertical-align:top;display:inline-block;box-sizing:border-box;max-width:100%;border-top-left-radius:99px;border-top-right-radius:99px;border-bottom-right-radius:99px;border-bottom-left-radius:99px;width:590px;height:custom}#gspb_image-id-gsbp-ceb9bca{height:custom}#gspb_container-id-gsbp-0422df3.gspb_container{mask-image:linear-gradient(to left,hsl(0 0% 0%\/0),hsl(0 0% 0%\/1) 5%,hsl(0 0% 0%\/1) 95%,hsl(0 0% 0%\/0))}#gspb_iconBox-id-gsbp-25586ca svg{width:72px;margin:0!important}#gspb_iconBox-id-gsbp-25586ca{justify-content:center;display:flex}#gspb_iconBox-id-gsbp-25586ca .gspb_iconBox__wrapper:hover svg,#gspb_iconBox-id-gsbp-25586ca .gspb_iconBox__wrapper:hover svg path,#gspb_iconBox-id-gsbp-25586ca svg,#gspb_iconBox-id-gsbp-25586ca svg path,#gspb_iconBox-id-gsbp-25586ca svg:hover,#gspb_iconBox-id-gsbp-25586ca svg:hover path{fill:var(u002du002dwpu002du002dpresetu002du002dcoloru002du002dast-global-color-0, var(u002du002dast-global-color-0))!important}#gspb_iconBox-id-gsbp-25586ca .gspb_iconBox__wrapper{background-color:#e2eefd;padding:20px;border-radius:50%;margin-top:36px;margin-bottom:34px}.gspb_text-id-gsbp-21297b6{font-size:23px;color:var(--wp--preset--color--ast-global-color-5, var(--ast-global-color-5));margin-top:14px!important;margin-bottom:0!important;padding-right:50px!important;padding-left:50px!important}.gspb_text-id-gsbp-21297b6,.gspb_text-id-gsbp-21297b6 .gsap-g-line{text-align:center!important}.gspb_container-id-gsbp-08931a9{flex-direction:column;box-sizing:border-box}#gspb_container-id-gsbp-08931a9.gspb_container{position:relative;display:grid;grid-template-columns:repeat(1,minmax(0,1fr));row-gap:20px;column-gap:20px}@media (max-width:575.98px){#gspb_container-id-gsbp-08931a9.gspb_container{grid-template-columns:repeat(1,minmax(0,1fr))}}#gspb_row-id-gsbp-1041ec4,#gspb_row-id-gsbp-8819c74{justify-content:space-between;margin-top:0;display:flex;flex-wrap:wrap;margin-bottom:0}#gspb_row-id-gsbp-8819c74{background-color:var(u002du002dwpu002du002dpresetu002du002dcoloru002du002dast-global-color-4, var(u002du002dast-global-color-4))}#gspb_row-id-gsbp-8819c74>.gspb_row__content{display:flex;justify-content:space-between;margin:0 auto;width:100%;flex-wrap:wrap}.gspb_row{position:relative}div[id^=gspb_col-id]{box-sizing:border-box;position:relative;padding:15px min(3vw,20px)}body.gspb-bodyfront #gspb_row-id-gsbp-1041ec4>.gspb_row__content,body.gspb-bodyfront #gspb_row-id-gsbp-8819c74>.gspb_row__content{max-width:var(--wp--custom--ast-content-width-size, 1200px)}#gspb_col-id-gsbp-3a25c48.gspb_row__col--12,#gspb_row-id-gsbp-1041ec4 .gspb_shape-divider-container svg{width:100%}@media (max-width:575.98px){#gspb_col-id-gsbp-3a25c48.gspb_row__col--12{width:100%}}#gspb_row-id-gsbp-1041ec4{min-height:397px;background-size:cover;background-repeat:no-repeat;background-image:url(http:\/\/www.nastrojarnapraha.cz\/wp-content\/uploads\/2024\/10\/Navrh-bez-nazvu-scaled.jpg);background-image:linear-gradient(135deg,#000 0,#1f4477 35%,#1f4477 61%,#345588 72%,#4178c5 88%);isolation:isolate}#gspb_row-id-gsbp-1041ec4>.gspb_row__content{display:flex;justify-content:space-between;margin:0 auto;width:100%;flex-wrap:wrap}#gspb_row-id-gsbp-1041ec4 .gspb_shape-divider-container{overflow:hidden;position:absolute;left:0;z-index:-1;width:100%;line-height:0;pointer-events:none}#gspb_row-id-gsbp-1041ec4 [data-aos^=fade]{transition-property:opacity,transform;transition-duration:.7s;transition-delay:0s}#gspb_row-id-gsbp-1041ec4 [data-aos^=fade]:not(.aos-animate){opacity:0!important}#gspb_row-id-gsbp-1041ec4 [data-aos-delay=\"600\"].aos-animate,#gspb_row-id-gsbp-1041ec4 [data-aos-delay=\"600\"][data-gs-aos]{transition-delay:.6s}#gspb_row-id-gsbp-1041ec4 [data-aos-delay=\"100\"].aos-animate,#gspb_row-id-gsbp-1041ec4 [data-aos-delay=\"100\"][data-gs-aos]{transition-delay:.1s}#gspb_row-id-gsbp-1041ec4 [data-aos-delay=\"300\"].aos-animate,#gspb_row-id-gsbp-1041ec4 [data-aos-delay=\"300\"][data-gs-aos]{transition-delay:.3s}#gspb_row-id-gsbp-1041ec4 [data-aos^=fade].aos-animate,#gspb_row-id-gsbp-1041ec4 [data-aos^=fade][data-gs-aos]{opacity:1;transform:translateZ(0)}#gspb_row-id-gsbp-1041ec4 [data-aos=fade-up]{transform:translate3d(0,60px,0)}#gspb_row-id-gsbp-1041ec4 [data-aos=fade-down]{transform:translate3d(0,-60px,0)}#gspb_row-id-gsbp-1041ec4 .gspb_shape-divider-container--top{top:0}#gspb_row-id-gsbp-1041ec4 .gspb_shape-divider-container--bottom{bottom:0}#gspb_row-id-gsbp-1041ec4:hover{background-size:cover}","site-sidebar-layout":"default","site-content-layout":"","ast-site-content-layout":"","site-content-style":"default","site-sidebar-style":"default","ast-global-header-display":"","ast-banner-title-visibility":"","ast-main-header-display":"","ast-hfb-above-header-display":"","ast-hfb-below-header-display":"","ast-hfb-mobile-header-display":"","site-post-title":"disabled","ast-breadcrumbs-content":"","ast-featured-img":"","footer-sml-layout":"","theme-transparent-header-meta":"","adv-header-id-meta":"","stick-header-meta":"","header-above-stick-meta":"","header-main-stick-meta":"","header-below-stick-meta":"","astra-migrate-meta-layouts":"default","ast-page-background-enabled":"default","ast-page-background-meta":{"desktop":{"background-color":"var(--ast-global-color-4)","background-image":"","background-repeat":"repeat","background-position":"center center","background-size":"auto","background-attachment":"scroll","background-type":"","background-media":"","overlay-type":"","overlay-color":"","overlay-opacity":"","overlay-gradient":""},"tablet":{"background-color":"","background-image":"","background-repeat":"repeat","background-position":"center center","background-size":"auto","background-attachment":"scroll","background-type":"","background-media":"","overlay-type":"","overlay-color":"","overlay-opacity":"","overlay-gradient":""},"mobile":{"background-color":"","background-image":"","background-repeat":"repeat","background-position":"center center","background-size":"auto","background-attachment":"scroll","background-type":"","background-media":"","overlay-type":"","overlay-color":"","overlay-opacity":"","overlay-gradient":""}},"ast-content-background-meta":{"desktop":{"background-color":"var(--ast-global-color-5)","background-image":"","background-repeat":"repeat","background-position":"center center","background-size":"auto","background-attachment":"scroll","background-type":"","background-media":"","overlay-type":"","overlay-color":"","overlay-opacity":"","overlay-gradient":""},"tablet":{"background-color":"var(--ast-global-color-5)","background-image":"","background-repeat":"repeat","background-position":"center center","background-size":"auto","background-attachment":"scroll","background-type":"","background-media":"","overlay-type":"","overlay-color":"","overlay-opacity":"","overlay-gradient":""},"mobile":{"background-color":"var(--ast-global-color-5)","background-image":"","background-repeat":"repeat","background-position":"center center","background-size":"auto","background-attachment":"scroll","background-type":"","background-media":"","overlay-type":"","overlay-color":"","overlay-opacity":"","overlay-gradient":""}},"footnotes":""},"class_list":["post-498","page","type-page","status-publish","hentry"],"_links":{"self":[{"href":"https:\/\/www.nastrojarnapraha.cz\/index.php?rest_route=\/wp\/v2\/pages\/498","targetHints":{"allow":["GET"]}}],"collection":[{"href":"https:\/\/www.nastrojarnapraha.cz\/index.php?rest_route=\/wp\/v2\/pages"}],"about":[{"href":"https:\/\/www.nastrojarnapraha.cz\/index.php?rest_route=\/wp\/v2\/types\/page"}],"author":[{"embeddable":true,"href":"https:\/\/www.nastrojarnapraha.cz\/index.php?rest_route=\/wp\/v2\/users\/1"}],"replies":[{"embeddable":true,"href":"https:\/\/www.nastrojarnapraha.cz\/index.php?rest_route=%2Fwp%2Fv2%2Fcomments&post=498"}],"version-history":[{"count":3,"href":"https:\/\/www.nastrojarnapraha.cz\/index.php?rest_route=\/wp\/v2\/pages\/498\/revisions"}],"predecessor-version":[{"id":521,"href":"https:\/\/www.nastrojarnapraha.cz\/index.php?rest_route=\/wp\/v2\/pages\/498\/revisions\/521"}],"up":[{"embeddable":true,"href":"https:\/\/www.nastrojarnapraha.cz\/index.php?rest_route=\/wp\/v2\/pages\/113"}],"wp:attachment":[{"href":"https:\/\/www.nastrojarnapraha.cz\/index.php?rest_route=%2Fwp%2Fv2%2Fmedia&parent=498"}],"curies":[{"name":"wp","href":"https:\/\/api.w.org\/{rel}","templated":true}]}}